{"id":75,"date":"2025-05-21T12:54:59","date_gmt":"2025-05-21T10:54:59","guid":{"rendered":"https:\/\/wordpress2543496.home.pl\/autoinstalator\/wordpresspluslscache\/?page_id=75"},"modified":"2025-07-12T21:42:23","modified_gmt":"2025-07-12T19:42:23","slug":"romdachy-pozmaj-nas","status":"publish","type":"page","link":"https:\/\/romdachy.com.pl\/?page_id=75","title":{"rendered":"poznaj nas"},"content":{"rendered":"\t\t<div data-elementor-type=\"wp-page\" data-elementor-id=\"75\" class=\"elementor elementor-75\" data-elementor-post-type=\"page\">\n\t\t\t\t<div class=\"elementor-element elementor-element-9bf2498 e-flex e-con-boxed e-con e-parent\" data-id=\"9bf2498\" data-element_type=\"container\">\n\t\t\t\t\t<div class=\"e-con-inner\">\n\t\t\t\t<div class=\"elementor-element elementor-element-0916f45 elementor-widget elementor-widget-html\" data-id=\"0916f45\" data-element_type=\"widget\" data-widget_type=\"html.default\">\n\t\t\t\t<div class=\"elementor-widget-container\">\n\t\t\t\t\t<style>\r\n  .about-alt .section-block {\r\n    display: flex;\r\n    align-items: center;\r\n    gap: 20px;\r\n    margin-bottom: 30px;\r\n    flex-wrap: nowrap;\r\n  }\r\n\r\n  .about-alt .section-block .text {\r\n    flex: 1 1 auto;\r\n  }\r\n\r\n  .about-alt .section-block .image {\r\n    flex: 0 0 150px;\r\n    display: flex;\r\n    justify-content: flex-end;\r\n  }\r\n\r\n  .about-alt .section-block .image img {\r\n    max-width: 150px;\r\n    height: auto;\r\n    display: block;\r\n    border-radius: 6px;\r\n    object-fit: cover;\r\n  }\r\n\r\n  .about-alt .section-block.reverse {\r\n    flex-direction: row-reverse;\r\n  }\r\n\r\n  .about-alt .section-block.reverse .image {\r\n    justify-content: flex-start;\r\n  }\r\n  .cta-button {\r\n  display: inline-block;\r\n  background-color: #e60000;\r\n  color: white;\r\n  padding: 12px 24px;\r\n  text-decoration: none;\r\n  border-radius: 6px;\r\n  font-weight: bold;\r\n  margin-top: 20px;\r\n  transition: background-color 0.3s ease;\r\n}\r\n\r\n.cta-button:hover {\r\n  background-color: #c20000;\r\n}\r\n\r\n<\/style>\r\n\r\n<section class=\"about-alt\">\r\n  <div class=\"mission section-block\">\r\n    <div class=\"text\">\r\n      <h2>Nasza Misja<\/h2>\r\n      <ul>\r\n        <li>Zapewniamy d\u0142ugotrwa\u0142\u0105 ochron\u0119 obiekt\u00f3w przemys\u0142owych<\/li>\r\n        <li>Gwarantujemy bezpiecze\u0144stwo i funkcjonalno\u015b\u0107<\/li>\r\n        <li>Spe\u0142niamy najwy\u017csze standardy bran\u017cowe<\/li>\r\n      <\/ul>\r\n    <\/div>\r\n    <div class=\"image\">\r\n      <img decoding=\"async\" src=\"https:\/\/romdachy.com.pl\/wp-content\/uploads\/2025\/05\/Projekt-bez-nazwy-1.jpg\" alt=\"Nasza misja\">\r\n    <\/div>\r\n  <\/div>\r\n\r\n  <div class=\"section-block reverse\">\r\n    <div class=\"image\">\r\n      <img decoding=\"async\" src=\"https:\/\/romdachy.com.pl\/wp-content\/uploads\/2025\/05\/Bez-nazwy-Witryna-internetowa-3.jpg\" alt=\"Do\u015bwiadczenie\">\r\n    <\/div>\r\n    <div class=\"text\">\r\n      <h3>Do\u015bwiadczenie<\/h3>\r\n      <ul>\r\n        <li>15+ lat na rynku dekarskim<\/li>\r\n        <li>Setki realizacji<\/li>\r\n        <li>Specjalizacja w obiektach przemys\u0142owych<\/li>\r\n      <\/ul>\r\n    <\/div>\r\n  <\/div>\r\n\r\n  <div class=\"section-block\">\r\n    <div class=\"text\">\r\n      <h3>Nasz Zesp\u00f3\u0142<\/h3>\r\n      <ul>\r\n        <li>Wykwalifikowani specjali\u015bci<\/li>\r\n        <li>Certyfikowani mistrzowie dekarstwa<\/li>\r\n        <li>Sta\u0142e szkolenia i rozw\u00f3j<\/li>\r\n      <\/ul>\r\n    <\/div>\r\n    <div class=\"image\">\r\n      <img decoding=\"async\" src=\"https:\/\/romdachy.com.pl\/wp-content\/uploads\/2025\/05\/Flux_Dev_Realistic_photo_of_workers_installing_trapezoidal_met_3-1.jpg\" alt=\"Zesp\u00f3\u0142\">\r\n    <\/div>\r\n  <\/div>\r\n\r\n  <div class=\"section-block reverse\">\r\n    <div class=\"image\">\r\n      <img decoding=\"async\" src=\"https:\/\/romdachy.com.pl\/wp-content\/uploads\/2025\/05\/Flux_Dev_Realistic_photo_of_TPO_PVC_or_EPDM_roofing_membrane_b_2.jpg\" alt=\"Technologia\">\r\n    <\/div>\r\n    <div class=\"text\">\r\n      <h3>Technologia<\/h3>\r\n      <ul>\r\n        <li>Nowoczesny park maszynowy<\/li>\r\n        <li>Innowacyjne metody wykonawcze<\/li>\r\n        <li>Najlepsze materia\u0142y<\/li>\r\n      <\/ul>\r\n    <\/div>\r\n  <\/div>\r\n\r\n  <div class=\"section-block values\">\r\n    <h3>Nasze Kluczowe Warto\u015bci<\/h3>\r\n    <div class=\"value-grid\">\r\n      <div><strong>Profesjonalizm:<\/strong> Staranno\u015b\u0107 i jako\u015b\u0107 w ka\u017cdym detalu<\/div>\r\n      <div><strong>Rzetelno\u015b\u0107:<\/strong> Terminowo\u015b\u0107 i uczciwo\u015b\u0107<\/div>\r\n      <div><strong>Jako\u015b\u0107:<\/strong> Sprawdzone rozwi\u0105zania i materia\u0142y<\/div>\r\n      <div><strong>Bezpiecze\u0144stwo:<\/strong> Najwy\u017csze standardy BHP<\/div>\r\n    <\/div>\r\n  <\/div>\r\n\r\n  <div class=\"section-block certificates\">\r\n    <h3>Certyfikaty i Uprawnienia<\/h3>\r\n    <ul>\r\n      <li>ISO 9001<\/li>\r\n      <li>Uprawnienia budowlane<\/li>\r\n      <li>Szkolenia specjalistyczne<\/li>\r\n      <li>Rekomendacje topowych producent\u00f3w<\/li>\r\n    <\/ul>\r\n  <\/div>\r\n\r\n  <div class=\"about-cta\">\r\n    <a href=\"tel:+48791586767\" class=\"cta-button\">Zadzwo\u0144 teraz<\/a>\r\n  <\/div>\r\n  \r\n<\/section>\r\n\t\t\t\t<\/div>\n\t\t\t\t<\/div>\n\t\t\t\t\t<\/div>\n\t\t\t\t<\/div>\n\t\t<div class=\"elementor-element elementor-element-3c7cb28a e-flex e-con-boxed e-con e-parent\" data-id=\"3c7cb28a\" data-element_type=\"container\" data-settings=\"{&quot;background_background&quot;:&quot;classic&quot;}\">\n\t\t\t\t\t<div class=\"e-con-inner\">\n\t\t<div class=\"elementor-element elementor-element-1a7679b0 e-con-full e-flex e-con e-child\" data-id=\"1a7679b0\" data-element_type=\"container\">\n\t\t<div class=\"elementor-element elementor-element-5b116825 e-con-full e-flex e-con e-child\" data-id=\"5b116825\" data-element_type=\"container\">\n\t\t<div class=\"elementor-element elementor-element-31fe713f e-con-full e-flex e-con e-child\" data-id=\"31fe713f\" data-element_type=\"container\">\n\t\t\t\t<div class=\"elementor-element elementor-element-e02c130 elementor-widget elementor-widget-image\" data-id=\"e02c130\" data-element_type=\"widget\" data-widget_type=\"image.default\">\n\t\t\t\t<div class=\"elementor-widget-container\">\n\t\t\t\t\t\t\t\t\t\t\t\t\t\t\t\t<a href=\"https:\/\/wpmet.com\/plugin\/elementskit\/charity\/\">\n\t\t\t\t\t\t\t<img fetchpriority=\"high\" decoding=\"async\" width=\"500\" height=\"137\" src=\"https:\/\/romdachy.com.pl\/wp-content\/uploads\/2025\/05\/Bez-tytulu.png\" class=\"attachment-large size-large wp-image-90\" alt=\"\" srcset=\"https:\/\/romdachy.com.pl\/wp-content\/uploads\/2025\/05\/Bez-tytulu.png 500w, https:\/\/romdachy.com.pl\/wp-content\/uploads\/2025\/05\/Bez-tytulu-300x82.png 300w\" sizes=\"(max-width: 500px) 100vw, 500px\" \/>\t\t\t\t\t\t\t\t<\/a>\n\t\t\t\t\t\t\t\t\t\t\t\t\t\t\t<\/div>\n\t\t\t\t<\/div>\n\t\t\t\t<div class=\"elementor-element elementor-element-7caa214 elementor-list-item-link-full_width elementor-widget elementor-widget-icon-list\" data-id=\"7caa214\" data-element_type=\"widget\" style=\"\" data-widget_type=\"icon-list.default\">\n\t\t\t\t<div class=\"elementor-widget-container\">\n\t\t\t\t\t\t\t<ul class=\"elementor-icon-list-items\">\n\t\t\t\t\t\t\t<li class=\"elementor-icon-list-item\">\n\t\t\t\t\t\t\t\t\t\t\t<a href=\"https:\/\/g.co\/kgs\/EpAqanz\">\n\n\t\t\t\t\t\t\t\t\t\t\t<span class=\"elementor-icon-list-text\">os.Hipolita Cegielskiego 5\/19, 62-020 Swarz\u0119dz<\/span>\n\t\t\t\t\t\t\t\t\t\t\t<\/a>\n\t\t\t\t\t\t\t\t\t<\/li>\n\t\t\t\t\t\t\t\t<li class=\"elementor-icon-list-item\">\n\t\t\t\t\t\t\t\t\t\t\t<a href=\"tel:+48791586767\">\n\n\t\t\t\t\t\t\t\t\t\t\t<span class=\"elementor-icon-list-text\">+48 791 586 767     <\/span>\n\t\t\t\t\t\t\t\t\t\t\t<\/a>\n\t\t\t\t\t\t\t\t\t<\/li>\n\t\t\t\t\t\t\t\t<li class=\"elementor-icon-list-item\">\n\t\t\t\t\t\t\t\t\t\t\t<a href=\"tel:+48794070140\">\n\n\t\t\t\t\t\t\t\t\t\t\t<span class=\"elementor-icon-list-text\">+48 794 070 140<\/span>\n\t\t\t\t\t\t\t\t\t\t\t<\/a>\n\t\t\t\t\t\t\t\t\t<\/li>\n\t\t\t\t\t\t<\/ul>\n\t\t\t\t\t\t<\/div>\n\t\t\t\t<\/div>\n\t\t\t\t<div class=\"elementor-element elementor-element-78c62151 elementor-widget elementor-widget-html\" data-id=\"78c62151\" data-element_type=\"widget\" data-widget_type=\"html.default\">\n\t\t\t\t<div class=\"elementor-widget-container\">\n\t\t\t\t\t<a href=\"mailto:Romdachy11251983@Gmail.Com\" style=\"text-transform: lowercase; color: white; background-color: black; text-decoration: none; display: inline-block; padding: 4px 0;\">\r\n  Romdachy11251983@Gmail.Com\r\n<\/a>\r\n\t\t\t\t<\/div>\n\t\t\t\t<\/div>\n\t\t\t\t<\/div>\n\t\t<div class=\"elementor-element elementor-element-51c7adb2 e-con-full e-flex e-con e-child\" data-id=\"51c7adb2\" data-element_type=\"container\">\n\t\t\t\t<div class=\"elementor-element elementor-element-1fbc1924 elementor-widget elementor-widget-elementskit-heading\" data-id=\"1fbc1924\" data-element_type=\"widget\" data-widget_type=\"elementskit-heading.default\">\n\t\t\t\t<div class=\"elementor-widget-container\">\n\t\t\t\t\t<div class=\"ekit-wid-con\" ><div class=\"ekit-heading elementskit-section-title-wraper text_left   ekit_heading_tablet-   ekit_heading_mobile-\"><h3 class=\"ekit-heading--title elementskit-section-title \"> Szybkie linki:<\/h3><\/div><\/div>\t\t\t\t<\/div>\n\t\t\t\t<\/div>\n\t\t\t\t<div class=\"elementor-element elementor-element-3aab6cb9 elementor-icon-list--layout-traditional elementor-list-item-link-full_width elementor-widget elementor-widget-icon-list\" data-id=\"3aab6cb9\" data-element_type=\"widget\" data-widget_type=\"icon-list.default\">\n\t\t\t\t<div class=\"elementor-widget-container\">\n\t\t\t\t\t\t\t<ul class=\"elementor-icon-list-items\">\n\t\t\t\t\t\t\t<li class=\"elementor-icon-list-item\">\n\t\t\t\t\t\t\t\t\t\t\t<a href=\"\/\">\n\n\t\t\t\t\t\t\t\t\t\t\t<span class=\"elementor-icon-list-text\">Strona G\u0142\u00f3wna<\/span>\n\t\t\t\t\t\t\t\t\t\t\t<\/a>\n\t\t\t\t\t\t\t\t\t<\/li>\n\t\t\t\t\t\t\t\t<li class=\"elementor-icon-list-item\">\n\t\t\t\t\t\t\t\t\t\t\t<a href=\"\/#nasze%20us\u0142ugi\">\n\n\t\t\t\t\t\t\t\t\t\t\t<span class=\"elementor-icon-list-text\">Nasze Us\u0142ugi<\/span>\n\t\t\t\t\t\t\t\t\t\t\t<\/a>\n\t\t\t\t\t\t\t\t\t<\/li>\n\t\t\t\t\t\t\t\t<li class=\"elementor-icon-list-item\">\n\t\t\t\t\t\t\t\t\t\t\t<a href=\"\/#o%20firmie\">\n\n\t\t\t\t\t\t\t\t\t\t\t<span class=\"elementor-icon-list-text\">O Firmie<\/span>\n\t\t\t\t\t\t\t\t\t\t\t<\/a>\n\t\t\t\t\t\t\t\t\t<\/li>\n\t\t\t\t\t\t\t\t<li class=\"elementor-icon-list-item\">\n\t\t\t\t\t\t\t\t\t\t\t<a href=\"\/#Portfolio\">\n\n\t\t\t\t\t\t\t\t\t\t\t<span class=\"elementor-icon-list-text\">Realizacje<\/span>\n\t\t\t\t\t\t\t\t\t\t\t<\/a>\n\t\t\t\t\t\t\t\t\t<\/li>\n\t\t\t\t\t\t\t\t<li class=\"elementor-icon-list-item\">\n\t\t\t\t\t\t\t\t\t\t\t<a href=\"\/#opinie%20klient\u00f3w\">\n\n\t\t\t\t\t\t\t\t\t\t\t<span class=\"elementor-icon-list-text\">Opinie Klient\u00f3w<\/span>\n\t\t\t\t\t\t\t\t\t\t\t<\/a>\n\t\t\t\t\t\t\t\t\t<\/li>\n\t\t\t\t\t\t\t\t<li class=\"elementor-icon-list-item\">\n\t\t\t\t\t\t\t\t\t\t\t<a href=\"\/#kontakt\">\n\n\t\t\t\t\t\t\t\t\t\t\t<span class=\"elementor-icon-list-text\">Kontakt<\/span>\n\t\t\t\t\t\t\t\t\t\t\t<\/a>\n\t\t\t\t\t\t\t\t\t<\/li>\n\t\t\t\t\t\t<\/ul>\n\t\t\t\t\t\t<\/div>\n\t\t\t\t<\/div>\n\t\t\t\t<\/div>\n\t\t<div class=\"elementor-element elementor-element-6ee12522 e-con-full e-flex e-con e-child\" data-id=\"6ee12522\" data-element_type=\"container\">\n\t\t\t\t<div class=\"elementor-element elementor-element-5b2bdf31 elementor-widget elementor-widget-elementskit-heading\" data-id=\"5b2bdf31\" data-element_type=\"widget\" data-widget_type=\"elementskit-heading.default\">\n\t\t\t\t<div class=\"elementor-widget-container\">\n\t\t\t\t\t<div class=\"ekit-wid-con\" ><div class=\"ekit-heading elementskit-section-title-wraper text_left   ekit_heading_tablet-   ekit_heading_mobile-\"><h3 class=\"ekit-heading--title elementskit-section-title \">Zaobserwuj nas<\/h3><\/div><\/div>\t\t\t\t<\/div>\n\t\t\t\t<\/div>\n\t\t\t\t<div class=\"elementor-element elementor-element-1c93b595 elementor-widget elementor-widget-elementskit-heading\" data-id=\"1c93b595\" data-element_type=\"widget\" data-widget_type=\"elementskit-heading.default\">\n\t\t\t\t<div class=\"elementor-widget-container\">\n\t\t\t\t\t<div class=\"ekit-wid-con\" ><div class=\"ekit-heading elementskit-section-title-wraper text_left   ekit_heading_tablet-   ekit_heading_mobile-\">\t\t\t\t<div class='ekit-heading__description'>\n\t\t\t\t\t<p>\u015aled\u017a nas w mediach spo\u0142eczno\u015bciowych:<\/p>\n\t\t\t\t<\/div>\n\t\t\t<\/div><\/div>\t\t\t\t<\/div>\n\t\t\t\t<\/div>\n\t\t\t\t<div class=\"elementor-element elementor-element-b3dce20 elementor-widget elementor-widget-elementskit-social-media\" data-id=\"b3dce20\" data-element_type=\"widget\" data-widget_type=\"elementskit-social-media.default\">\n\t\t\t\t<div class=\"elementor-widget-container\">\n\t\t\t\t\t<div class=\"ekit-wid-con\" >\t\t\t <ul class=\"ekit_social_media\">\n\t\t\t\t\t\t\t\t\t\t\t\t\t\t<li class=\"elementor-repeater-item-b11cb7b\">\n\t\t\t\t\t    <a\n\t\t\t\t\t\thref=\"https:\/\/www.facebook.com\/share\/1Fojn2ZJEM\/?mibextid=wwXIfr\" aria-label=\"Facebook\" class=\"facebook\" >\n\t\t\t\t\t\t\t\t\t\t\t\t\t\t\n\t\t\t\t\t\t\t<i aria-hidden=\"true\" class=\"icon icon-facebook\"><\/i>\t\t\t\t\t\t\t\t\t\n                                                                                                            <\/a>\n                    <\/li>\n                    \t\t\t\t\t\t\t\t\t\t\t\t\t\t<li class=\"elementor-repeater-item-46317af\">\n\t\t\t\t\t    <a\n\t\t\t\t\t\thref=\"https:\/\/www.facebook.com\/share\/1Fojn2ZJEM\/?mibextid=wwXIfr\" aria-label=\"Insta\" class=\"instagram\" >\n\t\t\t\t\t\t\t\t\t\t\t\t\t\t\n\t\t\t\t\t\t\t<svg aria-hidden=\"true\" class=\"e-font-icon-svg e-fab-instagram\" viewBox=\"0 0 448 512\" xmlns=\"http:\/\/www.w3.org\/2000\/svg\"><path d=\"M224.1 141c-63.6 0-114.9 51.3-114.9 114.9s51.3 114.9 114.9 114.9S339 319.5 339 255.9 287.7 141 224.1 141zm0 189.6c-41.1 0-74.7-33.5-74.7-74.7s33.5-74.7 74.7-74.7 74.7 33.5 74.7 74.7-33.6 74.7-74.7 74.7zm146.4-194.3c0 14.9-12 26.8-26.8 26.8-14.9 0-26.8-12-26.8-26.8s12-26.8 26.8-26.8 26.8 12 26.8 26.8zm76.1 27.2c-1.7-35.9-9.9-67.7-36.2-93.9-26.2-26.2-58-34.4-93.9-36.2-37-2.1-147.9-2.1-184.9 0-35.8 1.7-67.6 9.9-93.9 36.1s-34.4 58-36.2 93.9c-2.1 37-2.1 147.9 0 184.9 1.7 35.9 9.9 67.7 36.2 93.9s58 34.4 93.9 36.2c37 2.1 147.9 2.1 184.9 0 35.9-1.7 67.7-9.9 93.9-36.2 26.2-26.2 34.4-58 36.2-93.9 2.1-37 2.1-147.8 0-184.8zM398.8 388c-7.8 19.6-22.9 34.7-42.6 42.6-29.5 11.7-99.5 9-132.1 9s-102.7 2.6-132.1-9c-19.6-7.8-34.7-22.9-42.6-42.6-11.7-29.5-9-99.5-9-132.1s-2.6-102.7 9-132.1c7.8-19.6 22.9-34.7 42.6-42.6 29.5-11.7 99.5-9 132.1-9s102.7-2.6 132.1 9c19.6 7.8 34.7 22.9 42.6 42.6 11.7 29.5 9 99.5 9 132.1s2.7 102.7-9 132.1z\"><\/path><\/svg>\t\t\t\t\t\t\t\t\t\n                                                                                                            <\/a>\n                    <\/li>\n                    \t\t\t\t\t\t\t<\/ul>\n\t\t<\/div>\t\t\t\t<\/div>\n\t\t\t\t<\/div>\n\t\t\t\t<\/div>\n\t\t\t\t<\/div>\n\t\t<div class=\"elementor-element elementor-element-38aa35fd e-con-full e-flex e-con e-child\" data-id=\"38aa35fd\" data-element_type=\"container\">\n\t\t<div class=\"elementor-element elementor-element-201f531d e-con-full e-flex e-con e-child\" data-id=\"201f531d\" data-element_type=\"container\">\n\t\t\t\t<div class=\"elementor-element elementor-element-a0e5a8e elementor-widget__width-auto elementor-widget elementor-widget-elementskit-heading\" data-id=\"a0e5a8e\" data-element_type=\"widget\" data-widget_type=\"elementskit-heading.default\">\n\t\t\t\t<div class=\"elementor-widget-container\">\n\t\t\t\t\t<div class=\"ekit-wid-con\" ><div class=\"ekit-heading elementskit-section-title-wraper text_center   ekit_heading_tablet-   ekit_heading_mobile-text_center\"><p class=\"ekit-heading--title elementskit-section-title \">\u00a9 Copyright 2025 -- All Right Reserved<\/p><\/div><\/div>\t\t\t\t<\/div>\n\t\t\t\t<\/div>\n\t\t\t\t<\/div>\n\t\t\t\t<\/div>\n\t\t\t\t<\/div>\n\t\t\t\t\t<\/div>\n\t\t\t\t<\/div>\n\t\t\t\t<\/div>\n\t\t","protected":false},"excerpt":{"rendered":"<p>Nasza Misja Zapewniamy d\u0142ugotrwa\u0142\u0105 ochron\u0119 obiekt\u00f3w przemys\u0142owych Gwarantujemy bezpiecze\u0144stwo i funkcjonalno\u015b\u0107 Spe\u0142niamy najwy\u017csze standardy bran\u017cowe Do\u015bwiadczenie 15+ lat na rynku dekarskim Setki realizacji Specjalizacja w obiektach przemys\u0142owych Nasz Zesp\u00f3\u0142 Wykwalifikowani specjali\u015bci Certyfikowani mistrzowie dekarstwa Sta\u0142e szkolenia i rozw\u00f3j Technologia Nowoczesny park maszynowy Innowacyjne metody wykonawcze Najlepsze materia\u0142y Nasze Kluczowe Warto\u015bci Profesjonalizm: Staranno\u015b\u0107 i jako\u015b\u0107 w [&hellip;]<\/p>\n","protected":false},"author":1,"featured_media":0,"parent":9,"menu_order":5,"comment_status":"closed","ping_status":"closed","template":"","meta":{"footnotes":""},"class_list":["post-75","page","type-page","status-publish","hentry"],"_links":{"self":[{"href":"https:\/\/romdachy.com.pl\/index.php?rest_route=\/wp\/v2\/pages\/75","targetHints":{"allow":["GET"]}}],"collection":[{"href":"https:\/\/romdachy.com.pl\/index.php?rest_route=\/wp\/v2\/pages"}],"about":[{"href":"https:\/\/romdachy.com.pl\/index.php?rest_route=\/wp\/v2\/types\/page"}],"author":[{"embeddable":true,"href":"https:\/\/romdachy.com.pl\/index.php?rest_route=\/wp\/v2\/users\/1"}],"replies":[{"embeddable":true,"href":"https:\/\/romdachy.com.pl\/index.php?rest_route=%2Fwp%2Fv2%2Fcomments&post=75"}],"version-history":[{"count":40,"href":"https:\/\/romdachy.com.pl\/index.php?rest_route=\/wp\/v2\/pages\/75\/revisions"}],"predecessor-version":[{"id":1046,"href":"https:\/\/romdachy.com.pl\/index.php?rest_route=\/wp\/v2\/pages\/75\/revisions\/1046"}],"up":[{"embeddable":true,"href":"https:\/\/romdachy.com.pl\/index.php?rest_route=\/wp\/v2\/pages\/9"}],"wp:attachment":[{"href":"https:\/\/romdachy.com.pl\/index.php?rest_route=%2Fwp%2Fv2%2Fmedia&parent=75"}],"curies":[{"name":"wp","href":"https:\/\/api.w.org\/{rel}","templated":true}]}}