{"id":55,"date":"2025-05-21T12:53:51","date_gmt":"2025-05-21T10:53:51","guid":{"rendered":"https:\/\/wordpress2543496.home.pl\/autoinstalator\/wordpresspluslscache\/?page_id=55"},"modified":"2025-07-12T21:40:42","modified_gmt":"2025-07-12T19:40:42","slug":"romdachy-kompleksowa-termomodernizacja-z-wyborem-materialow","status":"publish","type":"page","link":"https:\/\/romdachy.com.pl\/?page_id=55","title":{"rendered":"Kompleksowa Termomodernizacja z Wyborem Materia\u0142\u00f3w"},"content":{"rendered":"\t\t<div data-elementor-type=\"wp-page\" data-elementor-id=\"55\" class=\"elementor elementor-55\" data-elementor-post-type=\"page\">\n\t\t\t\t<div class=\"elementor-element elementor-element-6a50621 e-flex e-con-boxed e-con e-parent\" data-id=\"6a50621\" data-element_type=\"container\">\n\t\t\t\t\t<div class=\"e-con-inner\">\n\t\t\t\t<div class=\"elementor-element elementor-element-c87cc0c elementor-widget elementor-widget-html\" data-id=\"c87cc0c\" data-element_type=\"widget\" id=\"Ocieplanie Dach\u00f3w P\u0142askich\" data-widget_type=\"html.default\">\n\t\t\t\t<div class=\"elementor-widget-container\">\n\t\t\t\t\t<section class=\"romdachy-service insulation-service\">\r\n  <div class=\"container\">\r\n    <div class=\"service-content\">\r\n      <div class=\"text\">\r\n        <h2>Ocieplanie Dach\u00f3w P\u0142askich<\/h2>\r\n        <p>Kompleksowa termomodernizacja z wyborem materia\u0142\u00f3w:<\/p>\r\n\r\n        <h4>1. Styropian<\/h4>\r\n        <ul>\r\n          <li>\u2022 Ekonomiczny<\/li>\r\n          <li>\u2022 Lekki<\/li>\r\n          <li>\u2022 Dobra izolacyjno\u015b\u0107<\/li>\r\n          <li>\u2022 \u0141atwy w monta\u017cu<\/li>\r\n        <\/ul>\r\n\r\n        <h4>2. PIR (Poliizocyjanurat)<\/h4>\r\n        <ul>\r\n          <li>\u2022 Najwy\u017csza izolacyjno\u015b\u0107<\/li>\r\n          <li>\u2022 Cienka warstwa<\/li>\r\n          <li>\u2022 Odporno\u015b\u0107 na wilgo\u0107<\/li>\r\n          <li>\u2022 Niepalny<\/li>\r\n        <\/ul>\r\n\r\n        <h4>3. We\u0142na Mineralna<\/h4>\r\n        <ul>\r\n          <li>\u2022 Doskona\u0142a izolacyjno\u015b\u0107 termiczna<\/li>\r\n          <li>\u2022 Ognioodporno\u015b\u0107<\/li>\r\n          <li>\u2022 Poch\u0142anianie d\u017awi\u0119k\u00f3w<\/li>\r\n          <li>\u2022 Oddychalno\u015b\u0107<\/li>\r\n        <\/ul>\r\n\r\n        <h4>Korzy\u015bci:<\/h4>\r\n        <ul>\r\n          <li>\u2022 Znacz\u0105ce obni\u017cenie koszt\u00f3w energetycznych<\/li>\r\n          <li>\u2022 Poprawa komfortu termicznego<\/li>\r\n          <li>\u2022 Ochrona przed stratami ciep\u0142a<\/li>\r\n          <li>\u2022 Redukcja wilgotno\u015bci<\/li>\r\n        <\/ul>\r\n\r\n       <a href=\"tel:+48791586767\" class=\"cta-button\">Zadzwo\u0144 teraz<\/a>\r\n\r\n      <\/div>\r\n      <div class=\"image\">\r\n        <img decoding=\"async\" src=\"https:\/\/romdachy.com.pl\/wp-content\/uploads\/2025\/05\/Bez-nazwy-Witryna-internetowa-3.jpg\" alt=\"Ocieplanie dach\u00f3w p\u0142askich\">\r\n      <\/div>\r\n    <\/div>\r\n  <\/div>\r\n<\/section>\r\n\t\t\t\t<\/div>\n\t\t\t\t<\/div>\n\t\t\t\t\t<\/div>\n\t\t\t\t<\/div>\n\t\t<div class=\"elementor-element elementor-element-3808489c e-flex e-con-boxed e-con e-parent\" data-id=\"3808489c\" data-element_type=\"container\" data-settings=\"{&quot;background_background&quot;:&quot;classic&quot;}\">\n\t\t\t\t\t<div class=\"e-con-inner\">\n\t\t<div class=\"elementor-element elementor-element-6e8990c4 e-con-full e-flex e-con e-child\" data-id=\"6e8990c4\" data-element_type=\"container\">\n\t\t<div class=\"elementor-element elementor-element-633aa323 e-con-full e-flex e-con e-child\" data-id=\"633aa323\" data-element_type=\"container\">\n\t\t<div class=\"elementor-element elementor-element-3adabe6 e-con-full e-flex e-con e-child\" data-id=\"3adabe6\" data-element_type=\"container\">\n\t\t\t\t<div class=\"elementor-element elementor-element-542f1ea9 elementor-widget elementor-widget-image\" data-id=\"542f1ea9\" data-element_type=\"widget\" data-widget_type=\"image.default\">\n\t\t\t\t<div class=\"elementor-widget-container\">\n\t\t\t\t\t\t\t\t\t\t\t\t\t\t\t\t<a href=\"https:\/\/wpmet.com\/plugin\/elementskit\/charity\/\">\n\t\t\t\t\t\t\t<img fetchpriority=\"high\" decoding=\"async\" width=\"500\" height=\"137\" src=\"https:\/\/romdachy.com.pl\/wp-content\/uploads\/2025\/05\/Bez-tytulu.png\" class=\"attachment-large size-large wp-image-90\" alt=\"\" srcset=\"https:\/\/romdachy.com.pl\/wp-content\/uploads\/2025\/05\/Bez-tytulu.png 500w, https:\/\/romdachy.com.pl\/wp-content\/uploads\/2025\/05\/Bez-tytulu-300x82.png 300w\" sizes=\"(max-width: 500px) 100vw, 500px\" \/>\t\t\t\t\t\t\t\t<\/a>\n\t\t\t\t\t\t\t\t\t\t\t\t\t\t\t<\/div>\n\t\t\t\t<\/div>\n\t\t\t\t<div class=\"elementor-element elementor-element-593d3d95 elementor-list-item-link-full_width elementor-widget elementor-widget-icon-list\" data-id=\"593d3d95\" data-element_type=\"widget\" style=\"\" data-widget_type=\"icon-list.default\">\n\t\t\t\t<div class=\"elementor-widget-container\">\n\t\t\t\t\t\t\t<ul class=\"elementor-icon-list-items\">\n\t\t\t\t\t\t\t<li class=\"elementor-icon-list-item\">\n\t\t\t\t\t\t\t\t\t\t\t<a href=\"https:\/\/g.co\/kgs\/EpAqanz\">\n\n\t\t\t\t\t\t\t\t\t\t\t<span class=\"elementor-icon-list-text\"> os.Hipolita Cegielskiego 5\/19, 62-020 Swarz\u0119dz<\/span>\n\t\t\t\t\t\t\t\t\t\t\t<\/a>\n\t\t\t\t\t\t\t\t\t<\/li>\n\t\t\t\t\t\t\t\t<li class=\"elementor-icon-list-item\">\n\t\t\t\t\t\t\t\t\t\t\t<a href=\"tel:+48791586767\">\n\n\t\t\t\t\t\t\t\t\t\t\t<span class=\"elementor-icon-list-text\">+48 791 586 767     <\/span>\n\t\t\t\t\t\t\t\t\t\t\t<\/a>\n\t\t\t\t\t\t\t\t\t<\/li>\n\t\t\t\t\t\t\t\t<li class=\"elementor-icon-list-item\">\n\t\t\t\t\t\t\t\t\t\t\t<a href=\"tel:+48794070140\">\n\n\t\t\t\t\t\t\t\t\t\t\t<span class=\"elementor-icon-list-text\">+48 794 070 140<\/span>\n\t\t\t\t\t\t\t\t\t\t\t<\/a>\n\t\t\t\t\t\t\t\t\t<\/li>\n\t\t\t\t\t\t<\/ul>\n\t\t\t\t\t\t<\/div>\n\t\t\t\t<\/div>\n\t\t\t\t<div class=\"elementor-element elementor-element-29738ae3 elementor-widget elementor-widget-html\" data-id=\"29738ae3\" data-element_type=\"widget\" data-widget_type=\"html.default\">\n\t\t\t\t<div class=\"elementor-widget-container\">\n\t\t\t\t\t<a href=\"mailto:Romdachy11251983@Gmail.Com\" style=\"text-transform: lowercase; color: white; background-color: black; text-decoration: none; display: inline-block; padding: 4px 0;\">\r\n  Romdachy11251983@Gmail.Com\r\n<\/a>\r\n\t\t\t\t<\/div>\n\t\t\t\t<\/div>\n\t\t\t\t<\/div>\n\t\t<div class=\"elementor-element elementor-element-632ecf04 e-con-full e-flex e-con e-child\" data-id=\"632ecf04\" data-element_type=\"container\">\n\t\t\t\t<div class=\"elementor-element elementor-element-1985a5db elementor-widget elementor-widget-elementskit-heading\" data-id=\"1985a5db\" data-element_type=\"widget\" data-widget_type=\"elementskit-heading.default\">\n\t\t\t\t<div class=\"elementor-widget-container\">\n\t\t\t\t\t<div class=\"ekit-wid-con\" ><div class=\"ekit-heading elementskit-section-title-wraper text_left   ekit_heading_tablet-   ekit_heading_mobile-\"><h3 class=\"ekit-heading--title elementskit-section-title \"> Szybkie linki:<\/h3><\/div><\/div>\t\t\t\t<\/div>\n\t\t\t\t<\/div>\n\t\t\t\t<div class=\"elementor-element elementor-element-121c9190 elementor-icon-list--layout-traditional elementor-list-item-link-full_width elementor-widget elementor-widget-icon-list\" data-id=\"121c9190\" data-element_type=\"widget\" data-widget_type=\"icon-list.default\">\n\t\t\t\t<div class=\"elementor-widget-container\">\n\t\t\t\t\t\t\t<ul class=\"elementor-icon-list-items\">\n\t\t\t\t\t\t\t<li class=\"elementor-icon-list-item\">\n\t\t\t\t\t\t\t\t\t\t\t<a href=\"\/\">\n\n\t\t\t\t\t\t\t\t\t\t\t<span class=\"elementor-icon-list-text\">Strona G\u0142\u00f3wna<\/span>\n\t\t\t\t\t\t\t\t\t\t\t<\/a>\n\t\t\t\t\t\t\t\t\t<\/li>\n\t\t\t\t\t\t\t\t<li class=\"elementor-icon-list-item\">\n\t\t\t\t\t\t\t\t\t\t\t<a href=\"\/#nasze%20us\u0142ugi\">\n\n\t\t\t\t\t\t\t\t\t\t\t<span class=\"elementor-icon-list-text\">Nasze Us\u0142ugi<\/span>\n\t\t\t\t\t\t\t\t\t\t\t<\/a>\n\t\t\t\t\t\t\t\t\t<\/li>\n\t\t\t\t\t\t\t\t<li class=\"elementor-icon-list-item\">\n\t\t\t\t\t\t\t\t\t\t\t<a href=\"\/#o%20firmie\">\n\n\t\t\t\t\t\t\t\t\t\t\t<span class=\"elementor-icon-list-text\">O Firmie<\/span>\n\t\t\t\t\t\t\t\t\t\t\t<\/a>\n\t\t\t\t\t\t\t\t\t<\/li>\n\t\t\t\t\t\t\t\t<li class=\"elementor-icon-list-item\">\n\t\t\t\t\t\t\t\t\t\t\t<a href=\"\/#Portfolio\">\n\n\t\t\t\t\t\t\t\t\t\t\t<span class=\"elementor-icon-list-text\">Realizacje<\/span>\n\t\t\t\t\t\t\t\t\t\t\t<\/a>\n\t\t\t\t\t\t\t\t\t<\/li>\n\t\t\t\t\t\t\t\t<li class=\"elementor-icon-list-item\">\n\t\t\t\t\t\t\t\t\t\t\t<a href=\"\/#opinie%20klient\u00f3w\">\n\n\t\t\t\t\t\t\t\t\t\t\t<span class=\"elementor-icon-list-text\">Opinie Klient\u00f3w<\/span>\n\t\t\t\t\t\t\t\t\t\t\t<\/a>\n\t\t\t\t\t\t\t\t\t<\/li>\n\t\t\t\t\t\t\t\t<li class=\"elementor-icon-list-item\">\n\t\t\t\t\t\t\t\t\t\t\t<a href=\"\/#kontakt\">\n\n\t\t\t\t\t\t\t\t\t\t\t<span class=\"elementor-icon-list-text\">Kontakt<\/span>\n\t\t\t\t\t\t\t\t\t\t\t<\/a>\n\t\t\t\t\t\t\t\t\t<\/li>\n\t\t\t\t\t\t<\/ul>\n\t\t\t\t\t\t<\/div>\n\t\t\t\t<\/div>\n\t\t\t\t<\/div>\n\t\t<div class=\"elementor-element elementor-element-6509c3b9 e-con-full e-flex e-con e-child\" data-id=\"6509c3b9\" data-element_type=\"container\">\n\t\t\t\t<div class=\"elementor-element elementor-element-4fb86574 elementor-widget elementor-widget-elementskit-heading\" data-id=\"4fb86574\" data-element_type=\"widget\" data-widget_type=\"elementskit-heading.default\">\n\t\t\t\t<div class=\"elementor-widget-container\">\n\t\t\t\t\t<div class=\"ekit-wid-con\" ><div class=\"ekit-heading elementskit-section-title-wraper text_left   ekit_heading_tablet-   ekit_heading_mobile-\"><h3 class=\"ekit-heading--title elementskit-section-title \">Zaobserwuj nas<\/h3><\/div><\/div>\t\t\t\t<\/div>\n\t\t\t\t<\/div>\n\t\t\t\t<div class=\"elementor-element elementor-element-13d199ed elementor-widget elementor-widget-elementskit-heading\" data-id=\"13d199ed\" data-element_type=\"widget\" data-widget_type=\"elementskit-heading.default\">\n\t\t\t\t<div class=\"elementor-widget-container\">\n\t\t\t\t\t<div class=\"ekit-wid-con\" ><div class=\"ekit-heading elementskit-section-title-wraper text_left   ekit_heading_tablet-   ekit_heading_mobile-\">\t\t\t\t<div class='ekit-heading__description'>\n\t\t\t\t\t<p>\u015aled\u017a nas w mediach spo\u0142eczno\u015bciowych:<\/p>\n\t\t\t\t<\/div>\n\t\t\t<\/div><\/div>\t\t\t\t<\/div>\n\t\t\t\t<\/div>\n\t\t\t\t<div class=\"elementor-element elementor-element-492ba2de elementor-widget elementor-widget-elementskit-social-media\" data-id=\"492ba2de\" data-element_type=\"widget\" data-widget_type=\"elementskit-social-media.default\">\n\t\t\t\t<div class=\"elementor-widget-container\">\n\t\t\t\t\t<div class=\"ekit-wid-con\" >\t\t\t <ul class=\"ekit_social_media\">\n\t\t\t\t\t\t\t\t\t\t\t\t\t\t<li class=\"elementor-repeater-item-b11cb7b\">\n\t\t\t\t\t    <a\n\t\t\t\t\t\thref=\"https:\/\/www.facebook.com\/share\/1Fojn2ZJEM\/?mibextid=wwXIfr\" aria-label=\"Facebook\" class=\"facebook\" >\n\t\t\t\t\t\t\t\t\t\t\t\t\t\t\n\t\t\t\t\t\t\t<i aria-hidden=\"true\" class=\"icon icon-facebook\"><\/i>\t\t\t\t\t\t\t\t\t\n                                                                                                            <\/a>\n                    <\/li>\n                    \t\t\t\t\t\t\t\t\t\t\t\t\t\t<li class=\"elementor-repeater-item-46317af\">\n\t\t\t\t\t    <a\n\t\t\t\t\t\thref=\"https:\/\/www.facebook.com\/share\/1Fojn2ZJEM\/?mibextid=wwXIfr\" aria-label=\"Insta\" class=\"instagram\" >\n\t\t\t\t\t\t\t\t\t\t\t\t\t\t\n\t\t\t\t\t\t\t<svg aria-hidden=\"true\" class=\"e-font-icon-svg e-fab-instagram\" viewBox=\"0 0 448 512\" xmlns=\"http:\/\/www.w3.org\/2000\/svg\"><path d=\"M224.1 141c-63.6 0-114.9 51.3-114.9 114.9s51.3 114.9 114.9 114.9S339 319.5 339 255.9 287.7 141 224.1 141zm0 189.6c-41.1 0-74.7-33.5-74.7-74.7s33.5-74.7 74.7-74.7 74.7 33.5 74.7 74.7-33.6 74.7-74.7 74.7zm146.4-194.3c0 14.9-12 26.8-26.8 26.8-14.9 0-26.8-12-26.8-26.8s12-26.8 26.8-26.8 26.8 12 26.8 26.8zm76.1 27.2c-1.7-35.9-9.9-67.7-36.2-93.9-26.2-26.2-58-34.4-93.9-36.2-37-2.1-147.9-2.1-184.9 0-35.8 1.7-67.6 9.9-93.9 36.1s-34.4 58-36.2 93.9c-2.1 37-2.1 147.9 0 184.9 1.7 35.9 9.9 67.7 36.2 93.9s58 34.4 93.9 36.2c37 2.1 147.9 2.1 184.9 0 35.9-1.7 67.7-9.9 93.9-36.2 26.2-26.2 34.4-58 36.2-93.9 2.1-37 2.1-147.8 0-184.8zM398.8 388c-7.8 19.6-22.9 34.7-42.6 42.6-29.5 11.7-99.5 9-132.1 9s-102.7 2.6-132.1-9c-19.6-7.8-34.7-22.9-42.6-42.6-11.7-29.5-9-99.5-9-132.1s-2.6-102.7 9-132.1c7.8-19.6 22.9-34.7 42.6-42.6 29.5-11.7 99.5-9 132.1-9s102.7-2.6 132.1 9c19.6 7.8 34.7 22.9 42.6 42.6 11.7 29.5 9 99.5 9 132.1s2.7 102.7-9 132.1z\"><\/path><\/svg>\t\t\t\t\t\t\t\t\t\n                                                                                                            <\/a>\n                    <\/li>\n                    \t\t\t\t\t\t\t<\/ul>\n\t\t<\/div>\t\t\t\t<\/div>\n\t\t\t\t<\/div>\n\t\t\t\t<\/div>\n\t\t\t\t<\/div>\n\t\t<div class=\"elementor-element elementor-element-6c46c05a e-con-full e-flex e-con e-child\" data-id=\"6c46c05a\" data-element_type=\"container\">\n\t\t<div class=\"elementor-element elementor-element-7e88e44b e-con-full e-flex e-con e-child\" data-id=\"7e88e44b\" data-element_type=\"container\">\n\t\t\t\t<div class=\"elementor-element elementor-element-2082c945 elementor-widget__width-auto elementor-widget elementor-widget-elementskit-heading\" data-id=\"2082c945\" data-element_type=\"widget\" data-widget_type=\"elementskit-heading.default\">\n\t\t\t\t<div class=\"elementor-widget-container\">\n\t\t\t\t\t<div class=\"ekit-wid-con\" ><div class=\"ekit-heading elementskit-section-title-wraper text_center   ekit_heading_tablet-   ekit_heading_mobile-text_center\"><p class=\"ekit-heading--title elementskit-section-title \">\u00a9 Copyright 2025 -- All Right Reserved<\/p><\/div><\/div>\t\t\t\t<\/div>\n\t\t\t\t<\/div>\n\t\t\t\t<\/div>\n\t\t\t\t<\/div>\n\t\t\t\t<\/div>\n\t\t\t\t\t<\/div>\n\t\t\t\t<\/div>\n\t\t\t\t<\/div>\n\t\t","protected":false},"excerpt":{"rendered":"<p>Ocieplanie Dach\u00f3w P\u0142askich Kompleksowa termomodernizacja z wyborem materia\u0142\u00f3w: 1. Styropian \u2022 Ekonomiczny \u2022 Lekki \u2022 Dobra izolacyjno\u015b\u0107 \u2022 \u0141atwy w monta\u017cu 2. PIR (Poliizocyjanurat) \u2022 Najwy\u017csza izolacyjno\u015b\u0107 \u2022 Cienka warstwa \u2022 Odporno\u015b\u0107 na wilgo\u0107 \u2022 Niepalny 3. We\u0142na Mineralna \u2022 Doskona\u0142a izolacyjno\u015b\u0107 termiczna \u2022 Ognioodporno\u015b\u0107 \u2022 Poch\u0142anianie d\u017awi\u0119k\u00f3w \u2022 Oddychalno\u015b\u0107 Korzy\u015bci: \u2022 Znacz\u0105ce obni\u017cenie koszt\u00f3w [&hellip;]<\/p>\n","protected":false},"author":1,"featured_media":0,"parent":9,"menu_order":3,"comment_status":"closed","ping_status":"closed","template":"","meta":{"footnotes":""},"class_list":["post-55","page","type-page","status-publish","hentry"],"_links":{"self":[{"href":"https:\/\/romdachy.com.pl\/index.php?rest_route=\/wp\/v2\/pages\/55","targetHints":{"allow":["GET"]}}],"collection":[{"href":"https:\/\/romdachy.com.pl\/index.php?rest_route=\/wp\/v2\/pages"}],"about":[{"href":"https:\/\/romdachy.com.pl\/index.php?rest_route=\/wp\/v2\/types\/page"}],"author":[{"embeddable":true,"href":"https:\/\/romdachy.com.pl\/index.php?rest_route=\/wp\/v2\/users\/1"}],"replies":[{"embeddable":true,"href":"https:\/\/romdachy.com.pl\/index.php?rest_route=%2Fwp%2Fv2%2Fcomments&post=55"}],"version-history":[{"count":31,"href":"https:\/\/romdachy.com.pl\/index.php?rest_route=\/wp\/v2\/pages\/55\/revisions"}],"predecessor-version":[{"id":1037,"href":"https:\/\/romdachy.com.pl\/index.php?rest_route=\/wp\/v2\/pages\/55\/revisions\/1037"}],"up":[{"embeddable":true,"href":"https:\/\/romdachy.com.pl\/index.php?rest_route=\/wp\/v2\/pages\/9"}],"wp:attachment":[{"href":"https:\/\/romdachy.com.pl\/index.php?rest_route=%2Fwp%2Fv2%2Fmedia&parent=55"}],"curies":[{"name":"wp","href":"https:\/\/api.w.org\/{rel}","templated":true}]}}