{"id":50,"date":"2025-05-17T22:50:23","date_gmt":"2025-05-17T20:50:23","guid":{"rendered":"https:\/\/wordpress2543496.home.pl\/autoinstalator\/wordpresspluslscache\/?page_id=50"},"modified":"2025-07-12T21:40:06","modified_gmt":"2025-07-12T19:40:06","slug":"profesjonalne-krycie-dachow-metoda-termiczna","status":"publish","type":"page","link":"https:\/\/romdachy.com.pl\/?page_id=50","title":{"rendered":"Profesjonalne Krycie Dach\u00f3w Metod\u0105 Termiczn\u0105"},"content":{"rendered":"\t\t<div data-elementor-type=\"wp-page\" data-elementor-id=\"50\" class=\"elementor elementor-50\" data-elementor-post-type=\"page\">\n\t\t\t\t<div class=\"elementor-element elementor-element-fed3afc e-flex e-con-boxed e-con e-parent\" data-id=\"fed3afc\" data-element_type=\"container\">\n\t\t\t\t\t<div class=\"e-con-inner\">\n\t\t\t\t<div class=\"elementor-element elementor-element-6496c11 elementor-widget elementor-widget-html\" data-id=\"6496c11\" data-element_type=\"widget\" id=\"Profesjonalne Krycie Dach\u00f3w Metod\u0105 Termiczn\u0105\" data-widget_type=\"html.default\">\n\t\t\t\t<div class=\"elementor-widget-container\">\n\t\t\t\t\t<section class=\"romdachy-service thermal-roofing\">\r\n  <div class=\"container\">\r\n    <div class=\"service-content\">\r\n      <div class=\"text\">\r\n        <h2>Profesjonalne Krycie Dach\u00f3w Metod\u0105 Termiczn\u0105<\/h2>\r\n        <p>Zaawansowana technologia krycia dach\u00f3w przy u\u017cyciu papy termozgrzewalnej, gwarantuj\u0105ca:<\/p>\r\n        <ul>\r\n          <li>\u2022 Dok\u0142adne i szczelne po\u0142\u0105czenie warstw<\/li>\r\n          <li>\u2022 U\u017cycie profesjonalnego sprz\u0119tu gazowego<\/li>\r\n          <li>\u2022 Precyzyjne nak\u0142adanie papy<\/li>\r\n          <li>\u2022 Mo\u017cliwo\u015b\u0107 stosowania na r\u00f3\u017cnych pod\u0142o\u017cach<\/li>\r\n        <\/ul>\r\n        <h4>Zalety:<\/h4>\r\n        <ul>\r\n          <li>\u2022 Doskona\u0142a szczelno\u015b\u0107 po\u0142\u0105cze\u0144<\/li>\r\n          <li>\u2022 Wysoka odporno\u015b\u0107 na warunki atmosferyczne<\/li>\r\n          <li>\u2022 Elastyczno\u015b\u0107 materia\u0142u<\/li>\r\n          <li>\u2022 D\u0142ugotrwa\u0142a ochrona dachu<\/li>\r\n        <\/ul>\r\n       <a href=\"tel:+48791586767\" class=\"cta-button\">Zadzwo\u0144 teraz<\/a>\r\n\r\n      <\/div>\r\n      <div class=\"image\">\r\n        <img decoding=\"async\" src=\"https:\/\/romdachy.com.pl\/wp-content\/uploads\/2025\/05\/Projekt-bez-nazwy.jpg\" alt=\"Krycie dach\u00f3w termiczne\">\r\n      <\/div>\r\n    <\/div>\r\n  <\/div>\r\n<\/section>\r\n\t\t\t\t<\/div>\n\t\t\t\t<\/div>\n\t\t\t\t\t<\/div>\n\t\t\t\t<\/div>\n\t\t<div class=\"elementor-element elementor-element-524b565a e-flex e-con-boxed e-con e-parent\" data-id=\"524b565a\" data-element_type=\"container\" data-settings=\"{&quot;background_background&quot;:&quot;classic&quot;}\">\n\t\t\t\t\t<div class=\"e-con-inner\">\n\t\t<div class=\"elementor-element elementor-element-42264856 e-con-full e-flex e-con e-child\" data-id=\"42264856\" data-element_type=\"container\">\n\t\t<div class=\"elementor-element elementor-element-4e37056c e-con-full e-flex e-con e-child\" data-id=\"4e37056c\" data-element_type=\"container\">\n\t\t<div class=\"elementor-element elementor-element-37ff422 e-con-full e-flex e-con e-child\" data-id=\"37ff422\" data-element_type=\"container\">\n\t\t\t\t<div class=\"elementor-element elementor-element-73ac638b elementor-widget elementor-widget-image\" data-id=\"73ac638b\" data-element_type=\"widget\" data-widget_type=\"image.default\">\n\t\t\t\t<div class=\"elementor-widget-container\">\n\t\t\t\t\t\t\t\t\t\t\t\t\t\t\t\t<a href=\"https:\/\/wpmet.com\/plugin\/elementskit\/charity\/\">\n\t\t\t\t\t\t\t<img fetchpriority=\"high\" decoding=\"async\" width=\"500\" height=\"137\" src=\"https:\/\/romdachy.com.pl\/wp-content\/uploads\/2025\/05\/Bez-tytulu.png\" class=\"attachment-large size-large wp-image-90\" alt=\"\" srcset=\"https:\/\/romdachy.com.pl\/wp-content\/uploads\/2025\/05\/Bez-tytulu.png 500w, https:\/\/romdachy.com.pl\/wp-content\/uploads\/2025\/05\/Bez-tytulu-300x82.png 300w\" sizes=\"(max-width: 500px) 100vw, 500px\" \/>\t\t\t\t\t\t\t\t<\/a>\n\t\t\t\t\t\t\t\t\t\t\t\t\t\t\t<\/div>\n\t\t\t\t<\/div>\n\t\t\t\t<div class=\"elementor-element elementor-element-7124aabf elementor-list-item-link-full_width elementor-widget elementor-widget-icon-list\" data-id=\"7124aabf\" data-element_type=\"widget\" style=\"\" data-widget_type=\"icon-list.default\">\n\t\t\t\t<div class=\"elementor-widget-container\">\n\t\t\t\t\t\t\t<ul class=\"elementor-icon-list-items\">\n\t\t\t\t\t\t\t<li class=\"elementor-icon-list-item\">\n\t\t\t\t\t\t\t\t\t\t\t<a href=\"https:\/\/g.co\/kgs\/EpAqanz\">\n\n\t\t\t\t\t\t\t\t\t\t\t<span class=\"elementor-icon-list-text\">os.Hipolita Cegielskiego 5\/19, 62-020 Swarz\u0119dz<\/span>\n\t\t\t\t\t\t\t\t\t\t\t<\/a>\n\t\t\t\t\t\t\t\t\t<\/li>\n\t\t\t\t\t\t\t\t<li class=\"elementor-icon-list-item\">\n\t\t\t\t\t\t\t\t\t\t\t<a href=\"tel:+48791586767\">\n\n\t\t\t\t\t\t\t\t\t\t\t<span class=\"elementor-icon-list-text\">+48 791 586 767     <\/span>\n\t\t\t\t\t\t\t\t\t\t\t<\/a>\n\t\t\t\t\t\t\t\t\t<\/li>\n\t\t\t\t\t\t\t\t<li class=\"elementor-icon-list-item\">\n\t\t\t\t\t\t\t\t\t\t\t<a href=\"tel:+48794070140\">\n\n\t\t\t\t\t\t\t\t\t\t\t<span class=\"elementor-icon-list-text\">+48 794 070 140<\/span>\n\t\t\t\t\t\t\t\t\t\t\t<\/a>\n\t\t\t\t\t\t\t\t\t<\/li>\n\t\t\t\t\t\t<\/ul>\n\t\t\t\t\t\t<\/div>\n\t\t\t\t<\/div>\n\t\t\t\t<div class=\"elementor-element elementor-element-1ae38cb4 elementor-widget elementor-widget-html\" data-id=\"1ae38cb4\" data-element_type=\"widget\" data-widget_type=\"html.default\">\n\t\t\t\t<div class=\"elementor-widget-container\">\n\t\t\t\t\t<a href=\"mailto:Romdachy11251983@Gmail.Com\" style=\"text-transform: lowercase; color: white; background-color: black; text-decoration: none; display: inline-block; padding: 4px 0;\">\r\n  Romdachy11251983@Gmail.Com\r\n<\/a>\r\n\t\t\t\t<\/div>\n\t\t\t\t<\/div>\n\t\t\t\t<\/div>\n\t\t<div class=\"elementor-element elementor-element-72220281 e-con-full e-flex e-con e-child\" data-id=\"72220281\" data-element_type=\"container\">\n\t\t\t\t<div class=\"elementor-element elementor-element-466a8e1a elementor-widget elementor-widget-elementskit-heading\" data-id=\"466a8e1a\" data-element_type=\"widget\" data-widget_type=\"elementskit-heading.default\">\n\t\t\t\t<div class=\"elementor-widget-container\">\n\t\t\t\t\t<div class=\"ekit-wid-con\" ><div class=\"ekit-heading elementskit-section-title-wraper text_left   ekit_heading_tablet-   ekit_heading_mobile-\"><h3 class=\"ekit-heading--title elementskit-section-title \"> Szybkie linki:<\/h3><\/div><\/div>\t\t\t\t<\/div>\n\t\t\t\t<\/div>\n\t\t\t\t<div class=\"elementor-element elementor-element-1eb36e00 elementor-icon-list--layout-traditional elementor-list-item-link-full_width elementor-widget elementor-widget-icon-list\" data-id=\"1eb36e00\" data-element_type=\"widget\" data-widget_type=\"icon-list.default\">\n\t\t\t\t<div class=\"elementor-widget-container\">\n\t\t\t\t\t\t\t<ul class=\"elementor-icon-list-items\">\n\t\t\t\t\t\t\t<li class=\"elementor-icon-list-item\">\n\t\t\t\t\t\t\t\t\t\t\t<a href=\"\/\">\n\n\t\t\t\t\t\t\t\t\t\t\t<span class=\"elementor-icon-list-text\">Strona G\u0142\u00f3wna<\/span>\n\t\t\t\t\t\t\t\t\t\t\t<\/a>\n\t\t\t\t\t\t\t\t\t<\/li>\n\t\t\t\t\t\t\t\t<li class=\"elementor-icon-list-item\">\n\t\t\t\t\t\t\t\t\t\t\t<a href=\"\/#nasze%20us\u0142ugi\">\n\n\t\t\t\t\t\t\t\t\t\t\t<span class=\"elementor-icon-list-text\">Nasze Us\u0142ugi<\/span>\n\t\t\t\t\t\t\t\t\t\t\t<\/a>\n\t\t\t\t\t\t\t\t\t<\/li>\n\t\t\t\t\t\t\t\t<li class=\"elementor-icon-list-item\">\n\t\t\t\t\t\t\t\t\t\t\t<a href=\"\/#o%20firmie\">\n\n\t\t\t\t\t\t\t\t\t\t\t<span class=\"elementor-icon-list-text\">O Firmie<\/span>\n\t\t\t\t\t\t\t\t\t\t\t<\/a>\n\t\t\t\t\t\t\t\t\t<\/li>\n\t\t\t\t\t\t\t\t<li class=\"elementor-icon-list-item\">\n\t\t\t\t\t\t\t\t\t\t\t<a href=\"\/#Portfolio\">\n\n\t\t\t\t\t\t\t\t\t\t\t<span class=\"elementor-icon-list-text\">Realizacje<\/span>\n\t\t\t\t\t\t\t\t\t\t\t<\/a>\n\t\t\t\t\t\t\t\t\t<\/li>\n\t\t\t\t\t\t\t\t<li class=\"elementor-icon-list-item\">\n\t\t\t\t\t\t\t\t\t\t\t<a href=\"\/#opinie%20klient\u00f3w\">\n\n\t\t\t\t\t\t\t\t\t\t\t<span class=\"elementor-icon-list-text\">Opinie Klient\u00f3w<\/span>\n\t\t\t\t\t\t\t\t\t\t\t<\/a>\n\t\t\t\t\t\t\t\t\t<\/li>\n\t\t\t\t\t\t\t\t<li class=\"elementor-icon-list-item\">\n\t\t\t\t\t\t\t\t\t\t\t<a href=\"\/#kontakt\">\n\n\t\t\t\t\t\t\t\t\t\t\t<span class=\"elementor-icon-list-text\">Kontakt<\/span>\n\t\t\t\t\t\t\t\t\t\t\t<\/a>\n\t\t\t\t\t\t\t\t\t<\/li>\n\t\t\t\t\t\t<\/ul>\n\t\t\t\t\t\t<\/div>\n\t\t\t\t<\/div>\n\t\t\t\t<\/div>\n\t\t<div class=\"elementor-element elementor-element-c10aacd e-con-full e-flex e-con e-child\" data-id=\"c10aacd\" data-element_type=\"container\">\n\t\t\t\t<div class=\"elementor-element elementor-element-1f5a1a7c elementor-widget elementor-widget-elementskit-heading\" data-id=\"1f5a1a7c\" data-element_type=\"widget\" data-widget_type=\"elementskit-heading.default\">\n\t\t\t\t<div class=\"elementor-widget-container\">\n\t\t\t\t\t<div class=\"ekit-wid-con\" ><div class=\"ekit-heading elementskit-section-title-wraper text_left   ekit_heading_tablet-   ekit_heading_mobile-\"><h3 class=\"ekit-heading--title elementskit-section-title \">Zaobserwuj nas<\/h3><\/div><\/div>\t\t\t\t<\/div>\n\t\t\t\t<\/div>\n\t\t\t\t<div class=\"elementor-element elementor-element-4a0b8a1f elementor-widget elementor-widget-elementskit-heading\" data-id=\"4a0b8a1f\" data-element_type=\"widget\" data-widget_type=\"elementskit-heading.default\">\n\t\t\t\t<div class=\"elementor-widget-container\">\n\t\t\t\t\t<div class=\"ekit-wid-con\" ><div class=\"ekit-heading elementskit-section-title-wraper text_left   ekit_heading_tablet-   ekit_heading_mobile-\">\t\t\t\t<div class='ekit-heading__description'>\n\t\t\t\t\t<p>\u015aled\u017a nas w mediach spo\u0142eczno\u015bciowych:<\/p>\n\t\t\t\t<\/div>\n\t\t\t<\/div><\/div>\t\t\t\t<\/div>\n\t\t\t\t<\/div>\n\t\t\t\t<div class=\"elementor-element elementor-element-7cc54ae0 elementor-widget elementor-widget-elementskit-social-media\" data-id=\"7cc54ae0\" data-element_type=\"widget\" data-widget_type=\"elementskit-social-media.default\">\n\t\t\t\t<div class=\"elementor-widget-container\">\n\t\t\t\t\t<div class=\"ekit-wid-con\" >\t\t\t <ul class=\"ekit_social_media\">\n\t\t\t\t\t\t\t\t\t\t\t\t\t\t<li class=\"elementor-repeater-item-b11cb7b\">\n\t\t\t\t\t    <a\n\t\t\t\t\t\thref=\"https:\/\/www.facebook.com\/share\/1Fojn2ZJEM\/?mibextid=wwXIfr\" aria-label=\"Facebook\" class=\"facebook\" >\n\t\t\t\t\t\t\t\t\t\t\t\t\t\t\n\t\t\t\t\t\t\t<i aria-hidden=\"true\" class=\"icon icon-facebook\"><\/i>\t\t\t\t\t\t\t\t\t\n                                                                                                            <\/a>\n                    <\/li>\n                    \t\t\t\t\t\t\t\t\t\t\t\t\t\t<li class=\"elementor-repeater-item-46317af\">\n\t\t\t\t\t    <a\n\t\t\t\t\t\thref=\"https:\/\/www.facebook.com\/share\/1Fojn2ZJEM\/?mibextid=wwXIfr\" aria-label=\"Insta\" class=\"instagram\" >\n\t\t\t\t\t\t\t\t\t\t\t\t\t\t\n\t\t\t\t\t\t\t<svg aria-hidden=\"true\" class=\"e-font-icon-svg e-fab-instagram\" viewBox=\"0 0 448 512\" xmlns=\"http:\/\/www.w3.org\/2000\/svg\"><path d=\"M224.1 141c-63.6 0-114.9 51.3-114.9 114.9s51.3 114.9 114.9 114.9S339 319.5 339 255.9 287.7 141 224.1 141zm0 189.6c-41.1 0-74.7-33.5-74.7-74.7s33.5-74.7 74.7-74.7 74.7 33.5 74.7 74.7-33.6 74.7-74.7 74.7zm146.4-194.3c0 14.9-12 26.8-26.8 26.8-14.9 0-26.8-12-26.8-26.8s12-26.8 26.8-26.8 26.8 12 26.8 26.8zm76.1 27.2c-1.7-35.9-9.9-67.7-36.2-93.9-26.2-26.2-58-34.4-93.9-36.2-37-2.1-147.9-2.1-184.9 0-35.8 1.7-67.6 9.9-93.9 36.1s-34.4 58-36.2 93.9c-2.1 37-2.1 147.9 0 184.9 1.7 35.9 9.9 67.7 36.2 93.9s58 34.4 93.9 36.2c37 2.1 147.9 2.1 184.9 0 35.9-1.7 67.7-9.9 93.9-36.2 26.2-26.2 34.4-58 36.2-93.9 2.1-37 2.1-147.8 0-184.8zM398.8 388c-7.8 19.6-22.9 34.7-42.6 42.6-29.5 11.7-99.5 9-132.1 9s-102.7 2.6-132.1-9c-19.6-7.8-34.7-22.9-42.6-42.6-11.7-29.5-9-99.5-9-132.1s-2.6-102.7 9-132.1c7.8-19.6 22.9-34.7 42.6-42.6 29.5-11.7 99.5-9 132.1-9s102.7-2.6 132.1 9c19.6 7.8 34.7 22.9 42.6 42.6 11.7 29.5 9 99.5 9 132.1s2.7 102.7-9 132.1z\"><\/path><\/svg>\t\t\t\t\t\t\t\t\t\n                                                                                                            <\/a>\n                    <\/li>\n                    \t\t\t\t\t\t\t<\/ul>\n\t\t<\/div>\t\t\t\t<\/div>\n\t\t\t\t<\/div>\n\t\t\t\t<\/div>\n\t\t\t\t<\/div>\n\t\t<div class=\"elementor-element elementor-element-43ebd5e8 e-con-full e-flex e-con e-child\" data-id=\"43ebd5e8\" data-element_type=\"container\">\n\t\t<div class=\"elementor-element elementor-element-7654e0a3 e-con-full e-flex e-con e-child\" data-id=\"7654e0a3\" data-element_type=\"container\">\n\t\t\t\t<div class=\"elementor-element elementor-element-2f19306a elementor-widget__width-auto elementor-widget elementor-widget-elementskit-heading\" data-id=\"2f19306a\" data-element_type=\"widget\" data-widget_type=\"elementskit-heading.default\">\n\t\t\t\t<div class=\"elementor-widget-container\">\n\t\t\t\t\t<div class=\"ekit-wid-con\" ><div class=\"ekit-heading elementskit-section-title-wraper text_center   ekit_heading_tablet-   ekit_heading_mobile-text_center\"><p class=\"ekit-heading--title elementskit-section-title \">\u00a9 Copyright 2025 -- All Right Reserved<\/p><\/div><\/div>\t\t\t\t<\/div>\n\t\t\t\t<\/div>\n\t\t\t\t<\/div>\n\t\t\t\t<\/div>\n\t\t\t\t<\/div>\n\t\t\t\t\t<\/div>\n\t\t\t\t<\/div>\n\t\t\t\t<\/div>\n\t\t","protected":false},"excerpt":{"rendered":"<p>Profesjonalne Krycie Dach\u00f3w Metod\u0105 Termiczn\u0105 Zaawansowana technologia krycia dach\u00f3w przy u\u017cyciu papy termozgrzewalnej, gwarantuj\u0105ca: \u2022 Dok\u0142adne i szczelne po\u0142\u0105czenie warstw \u2022 U\u017cycie profesjonalnego sprz\u0119tu gazowego \u2022 Precyzyjne nak\u0142adanie papy \u2022 Mo\u017cliwo\u015b\u0107 stosowania na r\u00f3\u017cnych pod\u0142o\u017cach Zalety: \u2022 Doskona\u0142a szczelno\u015b\u0107 po\u0142\u0105cze\u0144 \u2022 Wysoka odporno\u015b\u0107 na warunki atmosferyczne \u2022 Elastyczno\u015b\u0107 materia\u0142u \u2022 D\u0142ugotrwa\u0142a ochrona dachu Zadzwo\u0144 teraz [&hellip;]<\/p>\n","protected":false},"author":1,"featured_media":0,"parent":9,"menu_order":0,"comment_status":"closed","ping_status":"closed","template":"","meta":{"footnotes":""},"class_list":["post-50","page","type-page","status-publish","hentry"],"_links":{"self":[{"href":"https:\/\/romdachy.com.pl\/index.php?rest_route=\/wp\/v2\/pages\/50","targetHints":{"allow":["GET"]}}],"collection":[{"href":"https:\/\/romdachy.com.pl\/index.php?rest_route=\/wp\/v2\/pages"}],"about":[{"href":"https:\/\/romdachy.com.pl\/index.php?rest_route=\/wp\/v2\/types\/page"}],"author":[{"embeddable":true,"href":"https:\/\/romdachy.com.pl\/index.php?rest_route=\/wp\/v2\/users\/1"}],"replies":[{"embeddable":true,"href":"https:\/\/romdachy.com.pl\/index.php?rest_route=%2Fwp%2Fv2%2Fcomments&post=50"}],"version-history":[{"count":37,"href":"https:\/\/romdachy.com.pl\/index.php?rest_route=\/wp\/v2\/pages\/50\/revisions"}],"predecessor-version":[{"id":1034,"href":"https:\/\/romdachy.com.pl\/index.php?rest_route=\/wp\/v2\/pages\/50\/revisions\/1034"}],"up":[{"embeddable":true,"href":"https:\/\/romdachy.com.pl\/index.php?rest_route=\/wp\/v2\/pages\/9"}],"wp:attachment":[{"href":"https:\/\/romdachy.com.pl\/index.php?rest_route=%2Fwp%2Fv2%2Fmedia&parent=50"}],"curies":[{"name":"wp","href":"https:\/\/api.w.org\/{rel}","templated":true}]}}