{"id":45,"date":"2025-05-21T12:52:10","date_gmt":"2025-05-21T10:52:10","guid":{"rendered":"https:\/\/wordpress2543496.home.pl\/autoinstalator\/wordpresspluslscache\/?page_id=45"},"modified":"2025-07-12T21:39:32","modified_gmt":"2025-07-12T19:39:32","slug":"romdachy-montaz-membran-dachowych","status":"publish","type":"page","link":"https:\/\/romdachy.com.pl\/?page_id=45","title":{"rendered":"\u00a0Monta\u017c Membran Dachowych (TPO, PVC, EPDM)"},"content":{"rendered":"\t\t<div data-elementor-type=\"wp-page\" data-elementor-id=\"45\" class=\"elementor elementor-45\" data-elementor-post-type=\"page\">\n\t\t\t\t<div class=\"elementor-element elementor-element-ff1ca9e e-flex e-con-boxed e-con e-parent\" data-id=\"ff1ca9e\" data-element_type=\"container\">\n\t\t\t\t\t<div class=\"e-con-inner\">\n\t\t\t\t<div class=\"elementor-element elementor-element-1824ca0 elementor-widget elementor-widget-html\" data-id=\"1824ca0\" data-element_type=\"widget\" id=\"Monta\u017c Membran Dachowych\" data-widget_type=\"html.default\">\n\t\t\t\t<div class=\"elementor-widget-container\">\n\t\t\t\t\t<section class=\"service-section\">\r\n  <div class=\"container\">\r\n    <div class=\"service-content\">\r\n      <div class=\"text-column\">\r\n        <h2>Monta\u017c Membran Dachowych (TPO, PVC, EPDM)<\/h2>\r\n        <p>Specjalizujemy si\u0119 w profesjonalnym monta\u017cu nowoczesnych membran dachowych, oferuj\u0105c kompleksowe rozwi\u0105zania hydroizolacyjne dla r\u00f3\u017cnych typ\u00f3w obiekt\u00f3w:<\/p>\r\n\r\n        <h3>Rodzaje membran:<\/h3>\r\n        <ul>\r\n          <li><strong>TPO (Termoplastyczny Poliolefin)<\/strong>\r\n            <ul>\r\n              <li>Wysoka odporno\u015b\u0107 chemiczna<\/li>\r\n              <li>Elastyczno\u015b\u0107<\/li>\r\n              <li>Doskona\u0142a zgrzewalno\u015b\u0107<\/li>\r\n              <li>Odporno\u015b\u0107 na promieniowanie UV<\/li>\r\n            <\/ul>\r\n          <\/li>\r\n          <li><strong>PVC (Polichlorek Winylu)<\/strong>\r\n            <ul>\r\n              <li>Doskona\u0142a szczelno\u015b\u0107<\/li>\r\n              <li>Odporno\u015b\u0107 na chemikalia<\/li>\r\n              <li>\u0141atwo\u015b\u0107 zgrzewania<\/li>\r\n              <li>Szeroka gama kolorystyczna<\/li>\r\n            <\/ul>\r\n          <\/li>\r\n          <li><strong>EPDM (Kauczuk Syntetyczny)<\/strong>\r\n            <ul>\r\n              <li>Najwy\u017csza elastyczno\u015b\u0107<\/li>\r\n              <li>Odporno\u015b\u0107 na ekstremalne temperatury<\/li>\r\n              <li>D\u0142ugotrwa\u0142a \u017cywotno\u015b\u0107<\/li>\r\n              <li>Minimalna konserwacja<\/li>\r\n            <\/ul>\r\n          <\/li>\r\n        <\/ul>\r\n\r\n        <h3>Korzy\u015bci:<\/h3>\r\n        <ul class=\"benefits\">\r\n          <li>Ca\u0142kowite uszczelnienie dachu<\/li>\r\n          <li>Zabezpieczenie przed wilgoci\u0105<\/li>\r\n          <li>Przed\u0142u\u017cenie \u017cywotno\u015bci pokrycia dachowego<\/li>\r\n          <li>Energia odbijaj\u0105ca s\u0142o\u0144ce (opcje w jasnych kolorach)<\/li>\r\n        <\/ul>\r\n\r\n        <a href=\"tel:+48791586767\" class=\"cta-button\">Zadzwo\u0144 teraz<\/a>\r\n\r\n      <\/div>\r\n\r\n      <div class=\"image-column\">\r\n        <img decoding=\"async\" src=\"http:\/\/wordpress2543496.home.pl\/autoinstalator\/wordpresspluslscache\/wp-content\/uploads\/2025\/05\/Flux_Dev_Realistic_photo_of_TPO_PVC_or_EPDM_roofing_membrane_b_3.jpg\" alt=\"Membrany dachowe TPO PVC EPDM\">\r\n      <\/div>\r\n    <\/div>\r\n  <\/div>\r\n<\/section>\r\n\t\t\t\t<\/div>\n\t\t\t\t<\/div>\n\t\t\t\t\t<\/div>\n\t\t\t\t<\/div>\n\t\t<div class=\"elementor-element elementor-element-694dbdae e-flex e-con-boxed e-con e-parent\" data-id=\"694dbdae\" data-element_type=\"container\" data-settings=\"{&quot;background_background&quot;:&quot;classic&quot;}\">\n\t\t\t\t\t<div class=\"e-con-inner\">\n\t\t<div class=\"elementor-element elementor-element-1bd84b3c e-con-full e-flex e-con e-child\" data-id=\"1bd84b3c\" data-element_type=\"container\">\n\t\t<div class=\"elementor-element elementor-element-2af99b61 e-con-full e-flex e-con e-child\" data-id=\"2af99b61\" data-element_type=\"container\">\n\t\t<div class=\"elementor-element elementor-element-270ea5f8 e-con-full e-flex e-con e-child\" data-id=\"270ea5f8\" data-element_type=\"container\">\n\t\t\t\t<div class=\"elementor-element elementor-element-c7d67f1 elementor-widget elementor-widget-image\" data-id=\"c7d67f1\" data-element_type=\"widget\" data-widget_type=\"image.default\">\n\t\t\t\t<div class=\"elementor-widget-container\">\n\t\t\t\t\t\t\t\t\t\t\t\t\t\t\t\t<a href=\"https:\/\/wpmet.com\/plugin\/elementskit\/charity\/\">\n\t\t\t\t\t\t\t<img fetchpriority=\"high\" decoding=\"async\" width=\"500\" height=\"137\" src=\"https:\/\/romdachy.com.pl\/wp-content\/uploads\/2025\/05\/Bez-tytulu.png\" class=\"attachment-large size-large wp-image-90\" alt=\"\" srcset=\"https:\/\/romdachy.com.pl\/wp-content\/uploads\/2025\/05\/Bez-tytulu.png 500w, https:\/\/romdachy.com.pl\/wp-content\/uploads\/2025\/05\/Bez-tytulu-300x82.png 300w\" sizes=\"(max-width: 500px) 100vw, 500px\" \/>\t\t\t\t\t\t\t\t<\/a>\n\t\t\t\t\t\t\t\t\t\t\t\t\t\t\t<\/div>\n\t\t\t\t<\/div>\n\t\t\t\t<div class=\"elementor-element elementor-element-40d0f541 elementor-list-item-link-full_width elementor-widget elementor-widget-icon-list\" data-id=\"40d0f541\" data-element_type=\"widget\" style=\"\" data-widget_type=\"icon-list.default\">\n\t\t\t\t<div class=\"elementor-widget-container\">\n\t\t\t\t\t\t\t<ul class=\"elementor-icon-list-items\">\n\t\t\t\t\t\t\t<li class=\"elementor-icon-list-item\">\n\t\t\t\t\t\t\t\t\t\t\t<a href=\"https:\/\/g.co\/kgs\/EpAqanz\">\n\n\t\t\t\t\t\t\t\t\t\t\t<span class=\"elementor-icon-list-text\">os.Hipolita Cegielskiego 5\/19, 62-020 Swarz\u0119dz<\/span>\n\t\t\t\t\t\t\t\t\t\t\t<\/a>\n\t\t\t\t\t\t\t\t\t<\/li>\n\t\t\t\t\t\t\t\t<li class=\"elementor-icon-list-item\">\n\t\t\t\t\t\t\t\t\t\t\t<a href=\"tel:+48791586767\">\n\n\t\t\t\t\t\t\t\t\t\t\t<span class=\"elementor-icon-list-text\">+48 791 586 767     <\/span>\n\t\t\t\t\t\t\t\t\t\t\t<\/a>\n\t\t\t\t\t\t\t\t\t<\/li>\n\t\t\t\t\t\t\t\t<li class=\"elementor-icon-list-item\">\n\t\t\t\t\t\t\t\t\t\t\t<a href=\"tel:+48794070140\">\n\n\t\t\t\t\t\t\t\t\t\t\t<span class=\"elementor-icon-list-text\">+48 794 070 140<\/span>\n\t\t\t\t\t\t\t\t\t\t\t<\/a>\n\t\t\t\t\t\t\t\t\t<\/li>\n\t\t\t\t\t\t<\/ul>\n\t\t\t\t\t\t<\/div>\n\t\t\t\t<\/div>\n\t\t\t\t<div class=\"elementor-element elementor-element-64f40dd6 elementor-widget elementor-widget-html\" data-id=\"64f40dd6\" data-element_type=\"widget\" data-widget_type=\"html.default\">\n\t\t\t\t<div class=\"elementor-widget-container\">\n\t\t\t\t\t<a href=\"mailto:Romdachy11251983@Gmail.Com\" style=\"text-transform: lowercase; color: white; background-color: black; text-decoration: none; display: inline-block; padding: 4px 0;\">\r\n  Romdachy11251983@Gmail.Com\r\n<\/a>\r\n\t\t\t\t<\/div>\n\t\t\t\t<\/div>\n\t\t\t\t<\/div>\n\t\t<div class=\"elementor-element elementor-element-e75715d e-con-full e-flex e-con e-child\" data-id=\"e75715d\" data-element_type=\"container\">\n\t\t\t\t<div class=\"elementor-element elementor-element-39df52a8 elementor-widget elementor-widget-elementskit-heading\" data-id=\"39df52a8\" data-element_type=\"widget\" data-widget_type=\"elementskit-heading.default\">\n\t\t\t\t<div class=\"elementor-widget-container\">\n\t\t\t\t\t<div class=\"ekit-wid-con\" ><div class=\"ekit-heading elementskit-section-title-wraper text_left   ekit_heading_tablet-   ekit_heading_mobile-\"><h3 class=\"ekit-heading--title elementskit-section-title \"> Szybkie linki:<\/h3><\/div><\/div>\t\t\t\t<\/div>\n\t\t\t\t<\/div>\n\t\t\t\t<div class=\"elementor-element elementor-element-39c0f107 elementor-icon-list--layout-traditional elementor-list-item-link-full_width elementor-widget elementor-widget-icon-list\" data-id=\"39c0f107\" data-element_type=\"widget\" data-widget_type=\"icon-list.default\">\n\t\t\t\t<div class=\"elementor-widget-container\">\n\t\t\t\t\t\t\t<ul class=\"elementor-icon-list-items\">\n\t\t\t\t\t\t\t<li class=\"elementor-icon-list-item\">\n\t\t\t\t\t\t\t\t\t\t\t<a href=\"\/\">\n\n\t\t\t\t\t\t\t\t\t\t\t<span class=\"elementor-icon-list-text\">Strona G\u0142\u00f3wna<\/span>\n\t\t\t\t\t\t\t\t\t\t\t<\/a>\n\t\t\t\t\t\t\t\t\t<\/li>\n\t\t\t\t\t\t\t\t<li class=\"elementor-icon-list-item\">\n\t\t\t\t\t\t\t\t\t\t\t<a href=\"\/#nasze%20us\u0142ugi\">\n\n\t\t\t\t\t\t\t\t\t\t\t<span class=\"elementor-icon-list-text\">Nasze Us\u0142ugi<\/span>\n\t\t\t\t\t\t\t\t\t\t\t<\/a>\n\t\t\t\t\t\t\t\t\t<\/li>\n\t\t\t\t\t\t\t\t<li class=\"elementor-icon-list-item\">\n\t\t\t\t\t\t\t\t\t\t\t<a href=\"\/#o%20firmie\">\n\n\t\t\t\t\t\t\t\t\t\t\t<span class=\"elementor-icon-list-text\">O Firmie<\/span>\n\t\t\t\t\t\t\t\t\t\t\t<\/a>\n\t\t\t\t\t\t\t\t\t<\/li>\n\t\t\t\t\t\t\t\t<li class=\"elementor-icon-list-item\">\n\t\t\t\t\t\t\t\t\t\t\t<a href=\"\/#Portfolio\">\n\n\t\t\t\t\t\t\t\t\t\t\t<span class=\"elementor-icon-list-text\">Realizacje<\/span>\n\t\t\t\t\t\t\t\t\t\t\t<\/a>\n\t\t\t\t\t\t\t\t\t<\/li>\n\t\t\t\t\t\t\t\t<li class=\"elementor-icon-list-item\">\n\t\t\t\t\t\t\t\t\t\t\t<a href=\"\/#opinie%20klient\u00f3w\">\n\n\t\t\t\t\t\t\t\t\t\t\t<span class=\"elementor-icon-list-text\">Opinie Klient\u00f3w<\/span>\n\t\t\t\t\t\t\t\t\t\t\t<\/a>\n\t\t\t\t\t\t\t\t\t<\/li>\n\t\t\t\t\t\t\t\t<li class=\"elementor-icon-list-item\">\n\t\t\t\t\t\t\t\t\t\t\t<a href=\"\/#kontakt\">\n\n\t\t\t\t\t\t\t\t\t\t\t<span class=\"elementor-icon-list-text\">Kontakt<\/span>\n\t\t\t\t\t\t\t\t\t\t\t<\/a>\n\t\t\t\t\t\t\t\t\t<\/li>\n\t\t\t\t\t\t<\/ul>\n\t\t\t\t\t\t<\/div>\n\t\t\t\t<\/div>\n\t\t\t\t<\/div>\n\t\t<div class=\"elementor-element elementor-element-35f7038f e-con-full e-flex e-con e-child\" data-id=\"35f7038f\" data-element_type=\"container\">\n\t\t\t\t<div class=\"elementor-element elementor-element-26e45342 elementor-widget elementor-widget-elementskit-heading\" data-id=\"26e45342\" data-element_type=\"widget\" data-widget_type=\"elementskit-heading.default\">\n\t\t\t\t<div class=\"elementor-widget-container\">\n\t\t\t\t\t<div class=\"ekit-wid-con\" ><div class=\"ekit-heading elementskit-section-title-wraper text_left   ekit_heading_tablet-   ekit_heading_mobile-\"><h3 class=\"ekit-heading--title elementskit-section-title \">Zaobserwuj nas<\/h3><\/div><\/div>\t\t\t\t<\/div>\n\t\t\t\t<\/div>\n\t\t\t\t<div class=\"elementor-element elementor-element-ac1e198 elementor-widget elementor-widget-elementskit-heading\" data-id=\"ac1e198\" data-element_type=\"widget\" data-widget_type=\"elementskit-heading.default\">\n\t\t\t\t<div class=\"elementor-widget-container\">\n\t\t\t\t\t<div class=\"ekit-wid-con\" ><div class=\"ekit-heading elementskit-section-title-wraper text_left   ekit_heading_tablet-   ekit_heading_mobile-\">\t\t\t\t<div class='ekit-heading__description'>\n\t\t\t\t\t<p>\u015aled\u017a nas w mediach spo\u0142eczno\u015bciowych:<\/p>\n\t\t\t\t<\/div>\n\t\t\t<\/div><\/div>\t\t\t\t<\/div>\n\t\t\t\t<\/div>\n\t\t\t\t<div class=\"elementor-element elementor-element-41411d52 elementor-widget elementor-widget-elementskit-social-media\" data-id=\"41411d52\" data-element_type=\"widget\" data-widget_type=\"elementskit-social-media.default\">\n\t\t\t\t<div class=\"elementor-widget-container\">\n\t\t\t\t\t<div class=\"ekit-wid-con\" >\t\t\t <ul class=\"ekit_social_media\">\n\t\t\t\t\t\t\t\t\t\t\t\t\t\t<li class=\"elementor-repeater-item-b11cb7b\">\n\t\t\t\t\t    <a\n\t\t\t\t\t\thref=\"https:\/\/www.facebook.com\/share\/1Fojn2ZJEM\/?mibextid=wwXIfr\" aria-label=\"Facebook\" class=\"facebook\" >\n\t\t\t\t\t\t\t\t\t\t\t\t\t\t\n\t\t\t\t\t\t\t<i aria-hidden=\"true\" class=\"icon icon-facebook\"><\/i>\t\t\t\t\t\t\t\t\t\n                                                                                                            <\/a>\n                    <\/li>\n                    \t\t\t\t\t\t\t\t\t\t\t\t\t\t<li class=\"elementor-repeater-item-46317af\">\n\t\t\t\t\t    <a\n\t\t\t\t\t\thref=\"https:\/\/www.facebook.com\/share\/1Fojn2ZJEM\/?mibextid=wwXIfr\" aria-label=\"Insta\" class=\"instagram\" >\n\t\t\t\t\t\t\t\t\t\t\t\t\t\t\n\t\t\t\t\t\t\t<svg aria-hidden=\"true\" class=\"e-font-icon-svg e-fab-instagram\" viewBox=\"0 0 448 512\" xmlns=\"http:\/\/www.w3.org\/2000\/svg\"><path d=\"M224.1 141c-63.6 0-114.9 51.3-114.9 114.9s51.3 114.9 114.9 114.9S339 319.5 339 255.9 287.7 141 224.1 141zm0 189.6c-41.1 0-74.7-33.5-74.7-74.7s33.5-74.7 74.7-74.7 74.7 33.5 74.7 74.7-33.6 74.7-74.7 74.7zm146.4-194.3c0 14.9-12 26.8-26.8 26.8-14.9 0-26.8-12-26.8-26.8s12-26.8 26.8-26.8 26.8 12 26.8 26.8zm76.1 27.2c-1.7-35.9-9.9-67.7-36.2-93.9-26.2-26.2-58-34.4-93.9-36.2-37-2.1-147.9-2.1-184.9 0-35.8 1.7-67.6 9.9-93.9 36.1s-34.4 58-36.2 93.9c-2.1 37-2.1 147.9 0 184.9 1.7 35.9 9.9 67.7 36.2 93.9s58 34.4 93.9 36.2c37 2.1 147.9 2.1 184.9 0 35.9-1.7 67.7-9.9 93.9-36.2 26.2-26.2 34.4-58 36.2-93.9 2.1-37 2.1-147.8 0-184.8zM398.8 388c-7.8 19.6-22.9 34.7-42.6 42.6-29.5 11.7-99.5 9-132.1 9s-102.7 2.6-132.1-9c-19.6-7.8-34.7-22.9-42.6-42.6-11.7-29.5-9-99.5-9-132.1s-2.6-102.7 9-132.1c7.8-19.6 22.9-34.7 42.6-42.6 29.5-11.7 99.5-9 132.1-9s102.7-2.6 132.1 9c19.6 7.8 34.7 22.9 42.6 42.6 11.7 29.5 9 99.5 9 132.1s2.7 102.7-9 132.1z\"><\/path><\/svg>\t\t\t\t\t\t\t\t\t\n                                                                                                            <\/a>\n                    <\/li>\n                    \t\t\t\t\t\t\t<\/ul>\n\t\t<\/div>\t\t\t\t<\/div>\n\t\t\t\t<\/div>\n\t\t\t\t<\/div>\n\t\t\t\t<\/div>\n\t\t<div class=\"elementor-element elementor-element-5e691240 e-con-full e-flex e-con e-child\" data-id=\"5e691240\" data-element_type=\"container\">\n\t\t<div class=\"elementor-element elementor-element-4fe69518 e-con-full e-flex e-con e-child\" data-id=\"4fe69518\" data-element_type=\"container\">\n\t\t\t\t<div class=\"elementor-element elementor-element-5d4ecc5d elementor-widget__width-auto elementor-widget elementor-widget-elementskit-heading\" data-id=\"5d4ecc5d\" data-element_type=\"widget\" data-widget_type=\"elementskit-heading.default\">\n\t\t\t\t<div class=\"elementor-widget-container\">\n\t\t\t\t\t<div class=\"ekit-wid-con\" ><div class=\"ekit-heading elementskit-section-title-wraper text_center   ekit_heading_tablet-   ekit_heading_mobile-text_center\"><p class=\"ekit-heading--title elementskit-section-title \">\u00a9 Copyright 2025 -- All Right Reserved<\/p><\/div><\/div>\t\t\t\t<\/div>\n\t\t\t\t<\/div>\n\t\t\t\t<\/div>\n\t\t\t\t<\/div>\n\t\t\t\t<\/div>\n\t\t\t\t\t<\/div>\n\t\t\t\t<\/div>\n\t\t\t\t<\/div>\n\t\t","protected":false},"excerpt":{"rendered":"<p>Monta\u017c Membran Dachowych (TPO, PVC, EPDM) Specjalizujemy si\u0119 w profesjonalnym monta\u017cu nowoczesnych membran dachowych, oferuj\u0105c kompleksowe rozwi\u0105zania hydroizolacyjne dla r\u00f3\u017cnych typ\u00f3w obiekt\u00f3w: Rodzaje membran: TPO (Termoplastyczny Poliolefin) Wysoka odporno\u015b\u0107 chemiczna Elastyczno\u015b\u0107 Doskona\u0142a zgrzewalno\u015b\u0107 Odporno\u015b\u0107 na promieniowanie UV PVC (Polichlorek Winylu) Doskona\u0142a szczelno\u015b\u0107 Odporno\u015b\u0107 na chemikalia \u0141atwo\u015b\u0107 zgrzewania Szeroka gama kolorystyczna EPDM (Kauczuk Syntetyczny) Najwy\u017csza elastyczno\u015b\u0107 [&hellip;]<\/p>\n","protected":false},"author":1,"featured_media":0,"parent":9,"menu_order":5,"comment_status":"closed","ping_status":"closed","template":"","meta":{"footnotes":""},"class_list":["post-45","page","type-page","status-publish","hentry"],"_links":{"self":[{"href":"https:\/\/romdachy.com.pl\/index.php?rest_route=\/wp\/v2\/pages\/45","targetHints":{"allow":["GET"]}}],"collection":[{"href":"https:\/\/romdachy.com.pl\/index.php?rest_route=\/wp\/v2\/pages"}],"about":[{"href":"https:\/\/romdachy.com.pl\/index.php?rest_route=\/wp\/v2\/types\/page"}],"author":[{"embeddable":true,"href":"https:\/\/romdachy.com.pl\/index.php?rest_route=\/wp\/v2\/users\/1"}],"replies":[{"embeddable":true,"href":"https:\/\/romdachy.com.pl\/index.php?rest_route=%2Fwp%2Fv2%2Fcomments&post=45"}],"version-history":[{"count":37,"href":"https:\/\/romdachy.com.pl\/index.php?rest_route=\/wp\/v2\/pages\/45\/revisions"}],"predecessor-version":[{"id":1031,"href":"https:\/\/romdachy.com.pl\/index.php?rest_route=\/wp\/v2\/pages\/45\/revisions\/1031"}],"up":[{"embeddable":true,"href":"https:\/\/romdachy.com.pl\/index.php?rest_route=\/wp\/v2\/pages\/9"}],"wp:attachment":[{"href":"https:\/\/romdachy.com.pl\/index.php?rest_route=%2Fwp%2Fv2%2Fmedia&parent=45"}],"curies":[{"name":"wp","href":"https:\/\/api.w.org\/{rel}","templated":true}]}}